{"id":194,"date":"2020-08-03T22:16:08","date_gmt":"2020-08-03T22:16:08","guid":{"rendered":"https:\/\/www.dakkouchlaw.com\/?page_id=194"},"modified":"2025-05-28T20:39:42","modified_gmt":"2025-05-28T20:39:42","slug":"aboutus","status":"publish","type":"page","link":"https:\/\/www.dakkouchlaw.com\/es\/aboutus\/","title":{"rendered":"Nosotros"},"content":{"rendered":"<p>[\/vc_column_text][\/vc_column][\/vc_row][vc_section full_width=&#8221;stretch_row_content&#8221;][vc_row css=&#8221;.vc_custom_1596152871155{padding-top: 35px !important;}&#8221;][vc_column width=&#8221;1\/3&#8243;][\/vc_column][vc_column width=&#8221;1\/3&#8243;][vc_column_text]<\/p>\n<h2 style=\"text-align: center;\">NOSOTROS<img decoding=\"async\" class=\"aligncenter\" style=\"font-size: 16px;\" src=\"https:\/\/www.dakkouchlaw.com\/wp-content\/uploads\/2020\/07\/dash.png\" \/><\/h2>\n<p>[\/vc_column_text][\/vc_column][vc_column width=&#8221;1\/3&#8243;][\/vc_column][\/vc_row][\/vc_section][vc_section][vc_row full_width=&#8221;stretch_row_content&#8221;][vc_column width=&#8221;1\/4&#8243;][vc_empty_space][\/vc_column][vc_column width=&#8221;1\/4&#8243;][vc_single_image image=&#8221;18&#8243; img_size=&#8221;full&#8221; alignment=&#8221;center&#8221;][\/vc_column][vc_column width=&#8221;1\/4&#8243;][vc_column_text]<\/p>\n<p style=\"text-align: justify;\">Abe &#8220;DAKK&#8221; Dakkouch es un abogado con licencia en el estado de Texas. Maneja casos en Tarrant, Dallas, Denton, Collin y los condados circundantes. Se centra en Derecho Penal, Derecho Familiar y Derecho Migratorio. Como DAKK sabe que los asuntos legales pueden ser abrumadores, su objetivo es educar a sus clientes sobre la ley de una manera clara y concisa. Su enfoque de total comunicaci\u00f3n abierta con sus clientes ayuda a colocar al cliente en una mejor posici\u00f3n y mejor informada para tomar buenas decisiones acertadas con respecto a un asunto legal.<\/p>\n<p>Su promesa es proporcionarle una comprensi\u00f3n clara de los problemas, la ley y las opciones disponibles para usted. Su objetivo es poner a sus clientes en la mejor posici\u00f3n posible en cualquier caso. Al dar a los clientes acceso a su software de administraci\u00f3n de casos en cualquier momento del d\u00eda y de la noche, puede mantener a sus clientes actualizados sobre el progreso de su caso.[\/vc_column_text][\/vc_column][vc_column width=&#8221;1\/4&#8243;][vc_empty_space][\/vc_column][\/vc_row][\/vc_section][vc_section][vc_row][vc_column][vc_column_text]<\/p>\n<p style=\"text-align: justify;\">A los clientes les gusta la manera agradable, accesible y amigable en la que DAKK se comunica con ellos. \u201cComo dice el dicho &#8220;cuando la gente te quiere, te escuchar\u00e1; y cuando conf\u00edan en ti, har\u00e1n negocios contigo&#8221;. \u00a0DAKK realmente se toma el tiempo de escuchar sus inquietudes y explica sus derechos para mantenerlo plenamente informado sobre su particular problema legal.<\/p>\n<p>La pr\u00e1ctica de DAKK es \u00fanica porque evaluar\u00e1 su caso desde todos los \u00e1ngulos, especialmente para los inmigrantes que buscan asesor\u00eda legal. No ser\u00e1 derivado a otro abogado por su problema de Derecho Penal o Familiar asociado con su asunto de Inmigraci\u00f3n. Lo almacenamos todo bajo un mismo techo en el Despacho de Abogados Dakkouch.<\/p>\n<p>DAKK obtuvo su Doctorado en Derecho de la Facultad de Derecho de la Universidad de Western Michigan. Brinda asesor\u00eda a clientes en los campos de Derecho Familiar, Derecho Penal y Derecho de Inmigraci\u00f3n en Texas. Es parte de la Asociaci\u00f3n de Abogados de Defensa Criminal de Texas (TCDLA); Colegio de Abogados del Condado de Tarrant; Colegio de Abogados del Condado de Dallas. Tiene licencia en el Distrito Norte y Este, as\u00ed como en la Corte de Bancarrota.<\/p>\n<p>DAKK habla <em>\u00c1rabe<\/em> y su equipo es totalmente biling\u00fce en <em>Espa\u00f1ol e Ingl\u00e9s<\/em>.<\/p>\n<p style=\"text-align: left;\"><b>\u00c1reas de Pr\u00e1ctica<\/b><br \/>\n&#8211; Derecho Penal y Violencia Dom\u00e9stica<br \/>\n&#8211; Inmigraci\u00f3n<br \/>\n&#8211; Derecho Familiar<\/p>\n<p><strong>Educaci\u00f3n<\/strong><br \/>\nEscuela de Derecho Cooley de la Universidad Western Michigan<\/p>\n<p><strong>Barra de Abogados de Texas<\/strong><br \/>\nN\u00famero de licencia: 24101666<br \/>\nDesde 2016<\/p>\n<p><strong>Miembro de:<\/strong><br \/>\n&#8211; La Asociaci\u00f3n de Abogados de Defensa Criminal de Texas<br \/>\n&#8211; La Asociaci\u00f3n de Abogados de Defensa de Dallas<br \/>\n&#8211; La Asociaci\u00f3n de la Barra Familiar del Condado de Tarrant<\/p>\n<p>&#8211; Admitido en el Tribunal de Distrito de los Estados Unidos para el Distrito Este de Texas<br \/>\n&#8211; Admitido en el Tribunal de Distrito de los Estados Unidos para el Distrito Norte de Texas[\/vc_column_text][\/vc_column][\/vc_row][\/vc_section][vc_section el_class=&#8221;footer2&#8243;][vc_row full_width=&#8221;stretch_row_content_no_spaces&#8221; css=&#8221;.vc_custom_1596215936543{background-color: #195b97 !important;}&#8221;][vc_column width=&#8221;1\/5&#8243;][\/vc_column][vc_column width=&#8221;1\/5&#8243;][vc_single_image image=&#8221;175&#8243; img_size=&#8221;full&#8221; alignment=&#8221;center&#8221;][\/vc_column][vc_column width=&#8221;1\/5&#8243;][vc_column_text el_class=&#8221;foot-menu&#8221;]<\/p>\n<h4 style=\"text-align: center;\"><a href=\"https:\/\/www.dakkouchlaw.com\"> Inicio<\/a><br \/>\n<a href=\"https:\/\/www.dakkouchlaw.com\/aboutus\/\"> Nosotros<\/a><br \/>\n<a href=\"https:\/\/www.dakkouchlaw.com\/practice-areas\/\"> \u00c1reas de Pr\u00e1ctica<\/a><br \/>\n<a href=\"https:\/\/www.dakkouchlaw.com\/Contact\"> Cont\u00e1ctanos <\/a><\/h4>\n<p>[\/vc_column_text][\/vc_column][vc_column width=&#8221;1\/5&#8243;][\/vc_column][vc_column width=&#8221;1\/5&#8243;][vc_column_text el_class=&#8221;foot-social&#8221;]<\/p>\n<h4>S\u00cdGUEME EN MIS<\/h4>\n<h4>REDES SOCIALES<\/h4>\n<p><a href=\"https:\/\/www.facebook.com\/DakkLaw\/\" class=\"image-link\"><img decoding=\"async\" src=\"https:\/\/www.dakkouchlaw.com\/wp-content\/uploads\/2020\/07\/Facebook.png\" \/><\/a>\u00a0<a href=\"https:\/\/twitter.com\/DakkLaw\">\u00a0<img decoding=\"async\" src=\"https:\/\/www.dakkouchlaw.com\/wp-content\/uploads\/2020\/07\/twitter.png\" \/>\u00a0<\/a> <a href=\"https:\/\/www.instagram.com\/dakklaw\/\"> <img decoding=\"async\" src=\"https:\/\/www.dakkouchlaw.com\/wp-content\/uploads\/2020\/07\/instagram.png\" \/>\u00a0<\/a> <a href=\"https:\/\/www.linkedin.com\/company\/dakkouchlawfirm\/\" class=\"image-link\"><img decoding=\"async\" src=\"https:\/\/www.dakkouchlaw.com\/wp-content\/uploads\/2020\/07\/linkedin.png\" \/><\/a><\/p>\n<p>[\/vc_column_text][\/vc_column][\/vc_row][\/vc_section][vc_row][vc_column][vc_column_text][\/vc_column_text][\/vc_column][\/vc_row][vc_section full_width=&#8221;stretch_row_content&#8221;][vc_row css=&#8221;.vc_custom_1596152871155{padding-top: 35px !important;}&#8221;][vc_column width=&#8221;1\/3&#8243;][\/vc_column][vc_column width=&#8221;1\/3&#8243;][vc_column_text]<\/p>\n<h2 style=\"text-align: center;\">NOSOTROS<img decoding=\"async\" class=\"aligncenter\" style=\"font-size: 16px;\" src=\"https:\/\/www.dakkouchlaw.com\/wp-content\/uploads\/2020\/07\/dash.png\" \/><\/h2>\n<p>[\/vc_column_text][\/vc_column][vc_column width=&#8221;1\/3&#8243;][\/vc_column][\/vc_row][\/vc_section][vc_section][vc_row full_width=&#8221;stretch_row_content&#8221;][vc_column width=&#8221;1\/4&#8243;][vc_empty_space][\/vc_column][vc_column width=&#8221;1\/4&#8243;][vc_single_image image=&#8221;18&#8243; img_size=&#8221;full&#8221; alignment=&#8221;center&#8221;][\/vc_column][vc_column width=&#8221;1\/4&#8243;][vc_column_text]<\/p>\n<p style=\"text-align: justify;\">Abe &#8220;DAKK&#8221; Dakkouch es un abogado con licencia en el estado de Texas. Maneja casos en Tarrant, Dallas, Denton, Collin y los condados circundantes. Se centra en Derecho Penal, Derecho Familiar y Derecho Migratorio. Como DAKK sabe que los asuntos legales pueden ser abrumadores, su objetivo es educar a sus clientes sobre la ley de una manera clara y concisa. Su enfoque de total comunicaci\u00f3n abierta con sus clientes ayuda a colocar al cliente en una mejor posici\u00f3n y mejor informada para tomar buenas decisiones acertadas con respecto a un asunto legal.<\/p>\n<p>Su promesa es proporcionarle una comprensi\u00f3n clara de los problemas, la ley y las opciones disponibles para usted. Su objetivo es poner a sus clientes en la mejor posici\u00f3n posible en cualquier caso. Al dar a los clientes acceso a su software de administraci\u00f3n de casos en cualquier momento del d\u00eda y de la noche, puede mantener a sus clientes actualizados sobre el progreso de su caso.[\/vc_column_text][\/vc_column][vc_column width=&#8221;1\/4&#8243;][vc_empty_space][\/vc_column][\/vc_row][\/vc_section][vc_section][vc_row][vc_column][vc_column_text]<\/p>\n<p style=\"text-align: justify;\">A los clientes les gusta la manera agradable, accesible y amigable en la que DAKK se comunica con ellos. \u201cComo dice el dicho &#8220;cuando la gente te quiere, te escuchar\u00e1; y cuando conf\u00edan en ti, har\u00e1n negocios contigo&#8221;. \u00a0DAKK realmente se toma el tiempo de escuchar sus inquietudes y explica sus derechos para mantenerlo plenamente informado sobre su particular problema legal.<\/p>\n<p>La pr\u00e1ctica de DAKK es \u00fanica porque evaluar\u00e1 su caso desde todos los \u00e1ngulos, especialmente para los inmigrantes que buscan asesor\u00eda legal. No ser\u00e1 derivado a otro abogado por su problema de Derecho Penal o Familiar asociado con su asunto de Inmigraci\u00f3n. Lo almacenamos todo bajo un mismo techo en el Despacho de Abogados Dakkouch.<\/p>\n<p>DAKK obtuvo su Doctorado en Derecho de la Facultad de Derecho de la Universidad de Western Michigan. Brinda asesor\u00eda a clientes en los campos de Derecho Familiar, Derecho Penal y Derecho de Inmigraci\u00f3n en Texas. Es parte de la Asociaci\u00f3n de Abogados de Defensa Criminal de Texas (TCDLA); Colegio de Abogados del Condado de Tarrant; Colegio de Abogados del Condado de Dallas. Tiene licencia en el Distrito Norte y Este, as\u00ed como en la Corte de Bancarrota.<\/p>\n<p>DAKK habla <em>\u00c1rabe<\/em> y su equipo es totalmente biling\u00fce en <em>Espa\u00f1ol e Ingl\u00e9s<\/em>.<\/p>\n<p style=\"text-align: left;\"><b>\u00c1reas de Pr\u00e1ctica<\/b><br \/>\n&#8211; Derecho Penal y Violencia Dom\u00e9stica<br \/>\n&#8211; Inmigraci\u00f3n<br \/>\n&#8211; Derecho Familiar<\/p>\n<p><strong>Educaci\u00f3n<\/strong><br \/>\nEscuela de Derecho Cooley de la Universidad Western Michigan<\/p>\n<p><strong>Barra de Abogados de Texas<\/strong><br \/>\nN\u00famero de licencia: 24101666<br \/>\nDesde 2016<\/p>\n<p><strong>Miembro de:<\/strong><br \/>\n&#8211; La Asociaci\u00f3n de Abogados de Defensa Criminal de Texas<br \/>\n&#8211; La Asociaci\u00f3n de Abogados de Defensa de Dallas<br \/>\n&#8211; La Asociaci\u00f3n de la Barra Familiar del Condado de Tarrant<\/p>\n<p>&#8211; Admitido en el Tribunal de Distrito de los Estados Unidos para el Distrito Este de Texas<br \/>\n&#8211; Admitido en el Tribunal de Distrito de los Estados Unidos para el Distrito Norte de Texas[\/vc_column_text][\/vc_column][\/vc_row][\/vc_section][vc_section el_class=&#8221;footer2&#8243;][vc_row full_width=&#8221;stretch_row_content_no_spaces&#8221; css=&#8221;.vc_custom_1596215936543{background-color: #195b97 !important;}&#8221;][vc_column width=&#8221;1\/5&#8243;][\/vc_column][vc_column width=&#8221;1\/5&#8243;][vc_single_image image=&#8221;175&#8243; img_size=&#8221;full&#8221; alignment=&#8221;center&#8221;][\/vc_column][vc_column width=&#8221;1\/5&#8243;][vc_column_text el_class=&#8221;foot-menu&#8221;]<\/p>\n<h4 style=\"text-align: center;\"><a href=\"https:\/\/www.dakkouchlaw.com\"> Inicio<\/a><br \/>\n<a href=\"https:\/\/www.dakkouchlaw.com\/aboutus\/\"> Nosotros<\/a><br \/>\n<a href=\"https:\/\/www.dakkouchlaw.com\/practice-areas\/\"> \u00c1reas de Pr\u00e1ctica<\/a><br \/>\n<a href=\"https:\/\/www.dakkouchlaw.com\/Contact\"> Cont\u00e1ctanos <\/a><\/h4>\n<p>[\/vc_column_text][\/vc_column][vc_column width=&#8221;1\/5&#8243;][\/vc_column][vc_column width=&#8221;1\/5&#8243;][vc_column_text el_class=&#8221;foot-social&#8221;]<\/p>\n<h4>S\u00cdGUEME EN MIS<\/h4>\n<h4>REDES SOCIALES<\/h4>\n<p><a href=\"https:\/\/www.facebook.com\/DakkLaw\/\" class=\"image-link\"><img decoding=\"async\" src=\"https:\/\/www.dakkouchlaw.com\/wp-content\/uploads\/2020\/07\/Facebook.png\" \/><\/a>\u00a0<a href=\"https:\/\/twitter.com\/DakkLaw\">\u00a0<img decoding=\"async\" src=\"https:\/\/www.dakkouchlaw.com\/wp-content\/uploads\/2020\/07\/twitter.png\" \/>\u00a0<\/a> <a href=\"https:\/\/www.instagram.com\/dakklaw\/\"> <img decoding=\"async\" src=\"https:\/\/www.dakkouchlaw.com\/wp-content\/uploads\/2020\/07\/instagram.png\" \/>\u00a0<\/a> <a href=\"https:\/\/www.linkedin.com\/company\/dakkouchlawfirm\/\" class=\"image-link\"><img decoding=\"async\" src=\"https:\/\/www.dakkouchlaw.com\/wp-content\/uploads\/2020\/07\/linkedin.png\" \/><\/a><\/p>\n<p>[\/vc_column_text][\/vc_column][\/vc_row][\/vc_section]<\/p>","protected":false},"excerpt":{"rendered":"<p>[\/vc_column_text][\/vc_column][\/vc_row][vc_section full_width=&#8221;stretch_row_content&#8221;][vc_row css=&#8221;.vc_custom_1596152871155{padding-top: 35px !important;}&#8221;][vc_column width=&#8221;1\/3&#8243;][\/vc_column][vc_column width=&#8221;1\/3&#8243;][vc_column_text] NOSOTROS [\/vc_column_text][\/vc_column][vc_column width=&#8221;1\/3&#8243;][\/vc_column][\/vc_row][\/vc_section][vc_section][vc_row full_width=&#8221;stretch_row_content&#8221;][vc_column width=&#8221;1\/4&#8243;][vc_empty_space][\/vc_column][vc_column width=&#8221;1\/4&#8243;][vc_single_image image=&#8221;18&#8243; img_size=&#8221;full&#8221; alignment=&#8221;center&#8221;][\/vc_column][vc_column width=&#8221;1\/4&#8243;][vc_column_text] Abe &#8220;DAKK&#8221; Dakkouch es un abogado con licencia en el estado de Texas. Maneja casos en Tarrant, Dallas, Denton, Collin y los condados circundantes. Se centra en Derecho Penal, Derecho Familiar y Derecho Migratorio. Como DAKK sabe que&hellip;<\/p>\n","protected":false},"author":1,"featured_media":0,"parent":0,"menu_order":0,"comment_status":"closed","ping_status":"open","template":"","meta":{"footnotes":""},"class_list":["post-194","page","type-page","status-publish","hentry"],"_links":{"self":[{"href":"https:\/\/www.dakkouchlaw.com\/es\/wp-json\/wp\/v2\/pages\/194","targetHints":{"allow":["GET"]}}],"collection":[{"href":"https:\/\/www.dakkouchlaw.com\/es\/wp-json\/wp\/v2\/pages"}],"about":[{"href":"https:\/\/www.dakkouchlaw.com\/es\/wp-json\/wp\/v2\/types\/page"}],"author":[{"embeddable":true,"href":"https:\/\/www.dakkouchlaw.com\/es\/wp-json\/wp\/v2\/users\/1"}],"replies":[{"embeddable":true,"href":"https:\/\/www.dakkouchlaw.com\/es\/wp-json\/wp\/v2\/comments?post=194"}],"version-history":[{"count":27,"href":"https:\/\/www.dakkouchlaw.com\/es\/wp-json\/wp\/v2\/pages\/194\/revisions"}],"predecessor-version":[{"id":452,"href":"https:\/\/www.dakkouchlaw.com\/es\/wp-json\/wp\/v2\/pages\/194\/revisions\/452"}],"wp:attachment":[{"href":"https:\/\/www.dakkouchlaw.com\/es\/wp-json\/wp\/v2\/media?parent=194"}],"curies":[{"name":"wp","href":"https:\/\/api.w.org\/{rel}","templated":true}]}}