{"id":389,"date":"2020-08-11T22:35:36","date_gmt":"2020-08-11T22:35:36","guid":{"rendered":"https:\/\/www.dakkouchlaw.com\/?page_id=389"},"modified":"2020-08-11T22:38:16","modified_gmt":"2020-08-11T22:38:16","slug":"family-law","status":"publish","type":"page","link":"https:\/\/www.dakkouchlaw.com\/es\/family-law\/","title":{"rendered":"Derecho Familiar"},"content":{"rendered":"<p>[vc_section content_placement=&#8221;middle&#8221; el_id=&#8221;family&#8221;][vc_row][vc_column width=&#8221;1\/4&#8243;][vc_single_image image=&#8221;274&#8243; img_size=&#8221;full&#8221;][\/vc_column][vc_column width=&#8221;3\/4&#8243;][vc_column_text]<\/p>\n<h2 style=\"text-align: center;\">DERECHO FAMILIAR<\/h2>\n<p><img decoding=\"async\" class=\"aligncenter\" src=\"https:\/\/www.dakkouchlaw.com\/wp-content\/uploads\/2020\/07\/dash.png\" \/><\/p>\n<p>&nbsp;<\/p>\n<p style=\"text-align: justify;\"><span style=\"font-weight: 400;\">Prometemos ofrecerle el tipo de atenci\u00f3n que requiere su asunto legal familiar. Somos sinceros en nuestro enfoque al tratar de poner a nuestros clientes en la mejor posici\u00f3n posible. Dakk sabe que est\u00e1 pasando por una situaci\u00f3n dif\u00edcil, por lo que se asegura de que comprenda completamente su caso para brindarle informaci\u00f3n valiosa y tomar decisiones l\u00f3gicas.<\/span>[\/vc_column_text][\/vc_column][\/vc_row][vc_row full_width=&#8221;stretch_row&#8221; css=&#8221;.vc_custom_1596497196144{background-color: #195b97 !important;}&#8221; el_class=&#8221;custody&#8221;][vc_column width=&#8221;2\/3&#8243;][vc_column_text]<\/p>\n<p style=\"text-align: center;\"><strong>CUSTODIA INFANTIL<\/strong><\/p>\n<p style=\"text-align: justify;\"><span style=\"font-weight: 400;\">No importa el caso, cuando hay ni\u00f1os involucrados, estamos hablando de un proceso dif\u00edcil en el que debe haber una comprensi\u00f3n muy clara desde el principio.<\/span><\/p>\n<p><span style=\"font-weight: 400;\">De acuerdo con el C\u00f3digo Familiar en Texas, hay ciertas reglas que ambos padres deben seguir, pero el inter\u00e9s superior de los ni\u00f1os trasciende otras consideraciones.<\/span><\/p>\n<p><span style=\"font-weight: 400;\">Tal vez se est\u00e9 preguntando: \u00bfD\u00f3nde residir\u00e1n los ni\u00f1os? o \u00bfCu\u00e1nto tiempo se le permitir\u00e1 pasar al ni\u00f1o con cada padre? Una de las metas m\u00e1s importantes en el Tribunal Familiar es mantener a ambos padres completamente involucrados con el ni\u00f1o durante y despu\u00e9s del divorcio. Dakk piensa que ambos padres deber\u00edan tener los mismos derechos siempre que cada padre sea un buen padre.<\/span>[\/vc_column_text][\/vc_column][vc_column width=&#8221;1\/3&#8243;][vc_single_image image=&#8221;263&#8243; img_size=&#8221;full&#8221;][\/vc_column][\/vc_row][vc_row][vc_column width=&#8221;1\/4&#8243;][vc_single_image image=&#8221;277&#8243; img_size=&#8221;full&#8221;][\/vc_column][vc_column width=&#8221;3\/4&#8243;][vc_column_text]<\/p>\n<p style=\"text-align: center;\"><strong>CHILD SUPPORT &amp; VISITATION<\/strong><\/p>\n<p style=\"text-align: justify;\"><span style=\"font-weight: 400;\">Debido a la falta de asesor\u00eda legal, uno de los errores m\u00e1s comunes que cometen las personas es basar la cantidad de manutenci\u00f3n de los hijos en lo que otra persona en una situaci\u00f3n similar est\u00e1 recibiendo.<\/span><\/p>\n<p><span style=\"font-weight: 400;\">El Estado de Texas considera que el apoyo financiero de los ni\u00f1os es una responsabilidad conjunta de ambos padres. De hecho, el Tribunal Familiar debe garantizar que ambos padres mantengan a sus hijos por igual.<\/span><\/p>\n<p><span style=\"font-weight: 400;\">Si est\u00e1 buscando establecer un plan de manutenci\u00f3n adecuado, modificar una orden preexistente o hacer cumplir las obligaciones de manutenci\u00f3n infantil, Dakk realmente se preocupa y \u00e9l negociar\u00e1 por usted.<\/span>[\/vc_column_text][\/vc_column][\/vc_row][vc_row full_width=&#8221;stretch_row&#8221; css=&#8221;.vc_custom_1596497207326{background-color: #195b97 !important;}&#8221; el_class=&#8221;divorce&#8221;][vc_column width=&#8221;2\/3&#8243;][vc_column_text]<\/p>\n<p style=\"text-align: center;\"><strong>DIVORCIO<\/strong><\/p>\n<p style=\"text-align: justify;\"><span style=\"font-weight: 400;\">Ya sea que se trate de un divorcio disputado o no, los problemas que usted y su pr\u00f3ximo ex c\u00f3nyuge traegan a este punto afectar\u00e1n el resto de su vida e impactar\u00e1n las vidas de las personas que m\u00e1s aman.<\/span><\/p>\n<p><span style=\"font-weight: 400;\">No hay una \u00fanica manera de conseguir el divorcio. Dakk le promete que obtendr\u00e1 el mejor y m\u00e1s justo arreglo para su familia.<\/span>[\/vc_column_text][\/vc_column][vc_column width=&#8221;1\/3&#8243;][vc_single_image image=&#8221;264&#8243; img_size=&#8221;full&#8221;][\/vc_column][\/vc_row][vc_row][vc_column width=&#8221;1\/4&#8243;][vc_single_image image=&#8221;265&#8243; img_size=&#8221;full&#8221;][\/vc_column][vc_column width=&#8221;3\/4&#8243;][vc_column_text]<\/p>\n<p style=\"text-align: center;\"><strong>DERECHO FAMILIAR PARA LA COMUNIDAD LGBTQ<\/strong><\/p>\n<p style=\"text-align: justify;\"><span style=\"font-weight: 400;\">Desde junio de 2015, la Corte Suprema estipul\u00f3 que las comunidades homosexuales tienen los mismos derechos a los ojos de la ley, por lo que legaliz\u00f3 el matrimonio entre personas del mismo sexo. Pero a\u00fan existen varias consideraciones relacionadas con el Derecho de Familia LGBTQ.<\/span><\/p>\n<p><span style=\"font-weight: 400;\">Dakk respalda los derechos LGBTQ para casarse legalmente o adoptar un hijo, y con su comunicaci\u00f3n abierta, le asegura que lo guiar\u00e1 en cada paso del proceso, desde la consulta inicial hasta la resoluci\u00f3n de su asunto legal familiar.<\/span>[\/vc_column_text][\/vc_column][\/vc_row][vc_row full_width=&#8221;stretch_row&#8221; css=&#8221;.vc_custom_1596497225889{background-color: #195b97 !important;}&#8221; el_class=&#8221;grandparents&#8221;][vc_column width=&#8221;2\/3&#8243;][vc_column_text]<\/p>\n<p style=\"text-align: center;\"><strong>DERECHOS DE LOS ABUELOS<\/strong><\/p>\n<p style=\"text-align: justify;\"><span style=\"font-weight: 400;\">Sabemos que los abuelos son una parte esencial de la vida de los ni\u00f1os que pueden desarrollar un v\u00ednculo fuerte que durar\u00e1 para siempre, y Dakk quiere mantenerlo as\u00ed.<\/span><\/p>\n<p><span style=\"font-weight: 400;\">En Texas, los derechos de los abuelos est\u00e1n relacionados con la custodia de un nieto y los privilegios de visita. Tambi\u00e9n pueden solicitar la custodia del ni\u00f1o si creen que es lo mejor para el ni\u00f1o. Y si el ni\u00f1o ya vive con usted, puede solicitar la manutenci\u00f3n de menores, ya que ambos padres tienen la obligaci\u00f3n financiera.<\/span>[\/vc_column_text][\/vc_column][vc_column width=&#8221;1\/3&#8243;][vc_single_image image=&#8221;266&#8243; img_size=&#8221;full&#8221;][\/vc_column][\/vc_row][vc_row][vc_column width=&#8221;1\/4&#8243;][vc_single_image image=&#8221;267&#8243; img_size=&#8221;full&#8221;][\/vc_column][vc_column width=&#8221;3\/4&#8243;][vc_column_text]<\/p>\n<p style=\"text-align: center;\"><strong>PATERNIDAD<\/strong><\/p>\n<p style=\"text-align: justify;\"><span style=\"font-weight: 400;\">Algo que no mucha gente sabe es que cuando los padres de un ni\u00f1o no son una pareja casada, el padre biol\u00f3gico no tiene derechos u obligaciones legales con su hijo hasta que se establezca la paternidad.<\/span><\/p>\n<p><span style=\"font-weight: 400;\">Establecer la paternidad beneficiar\u00e1 al ni\u00f1o, al padre y a toda la familia, para una mejor convivencia. Una vez hecho esto, el Tribunal puede ordenar manutenci\u00f3n o custodia de menores, visitas, seguro m\u00e9dico, reembolso de gastos de embarazo y parto, etc.<\/span><\/p>\n<p><span style=\"font-weight: 400;\">Si usted es la madre del ni\u00f1o que quiere establecer la paternidad legal del padre de su hijo, o si es el padre biol\u00f3gico de un ni\u00f1o, Dakk le asesorar\u00e1 sobre el proceso legal, ya sea con una Declaraci\u00f3n voluntaria de paternidad o por una orden judicial .<\/span>[\/vc_column_text][\/vc_column][\/vc_row][vc_row full_width=&#8221;stretch_row&#8221; css=&#8221;.vc_custom_1596496396450{background-color: #195b97 !important;}&#8221;][vc_column width=&#8221;2\/3&#8243;][vc_column_text el_class=&#8221;prenups&#8221;]<\/p>\n<p style=\"text-align: center;\"><strong>ACUERDOS PRENUPCIALES<\/strong><\/p>\n<p style=\"text-align: justify;\"><span style=\"font-weight: 400;\">\u00bfEst\u00e1 considerando casarte? Quiz\u00e1s ya haya estado casado antes y no haya tenido una gran experiencia, y no quiera m\u00e1s sorpresas. Incluso si realmente est\u00e1 enamorado y realmente conf\u00eda en su pareja, es una buena idea el considerar establecer algunos acuerdos prematrimoniales.<\/span><\/p>\n<p><span style=\"font-weight: 400;\">Decisiones como la cantidad de hijos, los ahorros para la jubilaci\u00f3n, el aislamiento mutuo de las deudas y tantos otros &#8230; Es su derecho proteger sus intereses, y Dakk les explicar\u00e1 a ambos c\u00f3mo es la mejor manera de hacerlo.<\/span>[\/vc_column_text][\/vc_column][vc_column width=&#8221;1\/3&#8243;][vc_single_image image=&#8221;268&#8243; img_size=&#8221;full&#8221;][\/vc_column][\/vc_row][vc_row][vc_column width=&#8221;1\/4&#8243;][vc_single_image image=&#8221;269&#8243; img_size=&#8221;full&#8221;][\/vc_column][vc_column width=&#8221;3\/4&#8243;][vc_column_text]<\/p>\n<p style=\"text-align: center;\"><strong>DIVISI\u00d3N DE PROPIEDADES<\/strong><\/p>\n<p style=\"text-align: justify;\"><span style=\"font-weight: 400;\">\u00bfQui\u00e9n recibe qu\u00e9? Es un factor decisivo que a menudo causa a\u00fan m\u00e1s problemas durante el proceso de divorcio. Texas es un estado de propiedad comunitaria, lo que significa que las parejas deben dividir en partes iguales todos los activos adquiridos durante un matrimonio.<\/span><\/p>\n<p><span style=\"font-weight: 400;\">Lo que debe saber es que existen varios hechos que pueden afectar la divisi\u00f3n proporcional de la propiedad, como qui\u00e9n fue el culpable del fracaso del matrimonio, la salud f\u00edsica, la violencia dom\u00e9stica y la diferencia de edades.<\/span><\/p>\n<p><span style=\"font-weight: 400;\">Dakk sabe que divorciarse puede ser complicado a veces, por lo que estar\u00e1 a su lado en cada paso de este proceso.<\/span>[\/vc_column_text][\/vc_column][\/vc_row][vc_row full_width=&#8221;stretch_row&#8221; css=&#8221;.vc_custom_1596496396450{background-color: #195b97 !important;}&#8221;][vc_column width=&#8221;2\/3&#8243;][vc_column_text el_class=&#8221;restraining&#8221;]<\/p>\n<p style=\"text-align: center;\"><b>\u00d3RDENES DE RESTRICCI\u00d3N<\/b><\/p>\n<p style=\"text-align: justify;\"><span style=\"font-weight: 400;\">Si teme por su integridad, deje que Dakk luche por usted. \u00c9l quiere protegerle de esa persona que ha sido violenta contra usted o ha amenazado con lastimarle. Podemos ayudarlo a obtener una orden de restricci\u00f3n incluso si no tiene una relaci\u00f3n cercana con la persona que lo amenaza.<\/span><\/p>\n<p><span style=\"font-weight: 400;\">Tendr\u00e1 que ir a la Corte, pero Dakk le acompa\u00f1ar\u00e1 en todo momento hasta que se sienta seguro nuevamente.<\/span>[\/vc_column_text][\/vc_column][vc_column width=&#8221;1\/3&#8243;][vc_single_image image=&#8221;275&#8243; img_size=&#8221;full&#8221;][\/vc_column][\/vc_row][vc_row][vc_column][vc_separator][\/vc_column][\/vc_row][\/vc_section][vc_section el_class=&#8221;footer2&#8243;][vc_row full_width=&#8221;stretch_row_content_no_spaces&#8221; css=&#8221;.vc_custom_1596215936543{background-color: #195b97 !important;}&#8221;][vc_column width=&#8221;1\/5&#8243;][\/vc_column][vc_column width=&#8221;1\/5&#8243;][vc_single_image image=&#8221;175&#8243; img_size=&#8221;full&#8221; alignment=&#8221;center&#8221;][\/vc_column][vc_column width=&#8221;1\/5&#8243;][vc_column_text el_class=&#8221;foot-menu&#8221;]<\/p>\n<h4 style=\"text-align: center;\"><a href=\"https:\/\/www.dakkouchlaw.com\"> Inicio<\/a><br \/>\n<a href=\"https:\/\/www.dakkouchlaw.com\/aboutus\/\"> Nosotros<\/a><br \/>\n<a href=\"https:\/\/www.dakkouchlaw.com\/practice-areas\/\"> \u00c1reas de Pr\u00e1ctica <\/a><br \/>\n<a href=\"https:\/\/www.dakkouchlaw.com\/Contact\"> Cont\u00e1ctanos <\/a><\/h4>\n<p>[\/vc_column_text][\/vc_column][vc_column width=&#8221;1\/5&#8243;][\/vc_column][vc_column width=&#8221;1\/5&#8243;][vc_column_text el_class=&#8221;foot-social&#8221;]<\/p>\n<h4>S\u00cdGUEME EN MIS<\/h4>\n<h4>REDES SOCIALES<\/h4>\n<p><a href=\"https:\/\/www.facebook.com\/DakkLaw\/\" class=\"image-link\"><img decoding=\"async\" src=\"https:\/\/www.dakkouchlaw.com\/wp-content\/uploads\/2020\/07\/Facebook.png\" \/><\/a>\u00a0<a href=\"https:\/\/twitter.com\/DakkLaw\">\u00a0<img decoding=\"async\" src=\"https:\/\/www.dakkouchlaw.com\/wp-content\/uploads\/2020\/07\/twitter.png\" \/>\u00a0<\/a> <a href=\"https:\/\/www.instagram.com\/dakklaw\/\"> <img decoding=\"async\" src=\"https:\/\/www.dakkouchlaw.com\/wp-content\/uploads\/2020\/07\/instagram.png\" \/>\u00a0<\/a> <a href=\"https:\/\/www.linkedin.com\/company\/dakkouchlawfirm\/\" class=\"image-link\"><img decoding=\"async\" src=\"https:\/\/www.dakkouchlaw.com\/wp-content\/uploads\/2020\/07\/linkedin.png\" \/><\/a><\/p>\n<p>[\/vc_column_text][\/vc_column][\/vc_row][\/vc_section]<\/p>","protected":false},"excerpt":{"rendered":"<p>[vc_section content_placement=&#8221;middle&#8221; el_id=&#8221;family&#8221;][vc_row][vc_column width=&#8221;1\/4&#8243;][vc_single_image image=&#8221;274&#8243; img_size=&#8221;full&#8221;][\/vc_column][vc_column width=&#8221;3\/4&#8243;][vc_column_text] DERECHO FAMILIAR &nbsp; Prometemos ofrecerle el tipo de atenci\u00f3n que requiere su asunto legal familiar. Somos sinceros en nuestro enfoque al tratar de poner a nuestros clientes en la mejor posici\u00f3n posible. Dakk sabe que est\u00e1 pasando por una situaci\u00f3n dif\u00edcil, por lo que se asegura de que&hellip;<\/p>\n","protected":false},"author":1,"featured_media":0,"parent":0,"menu_order":0,"comment_status":"closed","ping_status":"open","template":"","meta":{"footnotes":""},"class_list":["post-389","page","type-page","status-publish","hentry"],"_links":{"self":[{"href":"https:\/\/www.dakkouchlaw.com\/es\/wp-json\/wp\/v2\/pages\/389","targetHints":{"allow":["GET"]}}],"collection":[{"href":"https:\/\/www.dakkouchlaw.com\/es\/wp-json\/wp\/v2\/pages"}],"about":[{"href":"https:\/\/www.dakkouchlaw.com\/es\/wp-json\/wp\/v2\/types\/page"}],"author":[{"embeddable":true,"href":"https:\/\/www.dakkouchlaw.com\/es\/wp-json\/wp\/v2\/users\/1"}],"replies":[{"embeddable":true,"href":"https:\/\/www.dakkouchlaw.com\/es\/wp-json\/wp\/v2\/comments?post=389"}],"version-history":[{"count":4,"href":"https:\/\/www.dakkouchlaw.com\/es\/wp-json\/wp\/v2\/pages\/389\/revisions"}],"predecessor-version":[{"id":394,"href":"https:\/\/www.dakkouchlaw.com\/es\/wp-json\/wp\/v2\/pages\/389\/revisions\/394"}],"wp:attachment":[{"href":"https:\/\/www.dakkouchlaw.com\/es\/wp-json\/wp\/v2\/media?parent=389"}],"curies":[{"name":"wp","href":"https:\/\/api.w.org\/{rel}","templated":true}]}}